{"id":11,"date":"2022-01-25T15:55:09","date_gmt":"2022-01-25T15:55:09","guid":{"rendered":"https:\/\/www.archiv-aktiv.de\/wp\/?page_id=11"},"modified":"2025-08-20T11:34:19","modified_gmt":"2025-08-20T11:34:19","slug":"archiv-2","status":"publish","type":"page","link":"https:\/\/www.archiv-aktiv.de\/wp\/archiv-2\/","title":{"rendered":"Archiv"},"content":{"rendered":"\t\t<div data-elementor-type=\"wp-page\" data-elementor-id=\"11\" class=\"elementor elementor-11\">\n\t\t\t\t\t\t<section class=\"elementor-section elementor-top-section elementor-element elementor-element-d8590ce elementor-section-boxed elementor-section-height-default elementor-section-height-default\" data-id=\"d8590ce\" data-element_type=\"section\" data-e-type=\"section\">\n\t\t\t\t\t\t<div class=\"elementor-container elementor-column-gap-default\">\n\t\t\t\t\t<div class=\"elementor-column elementor-col-100 elementor-top-column elementor-element elementor-element-9fc1189\" data-id=\"9fc1189\" data-element_type=\"column\" data-e-type=\"column\">\n\t\t\t<div class=\"elementor-widget-wrap elementor-element-populated\">\n\t\t\t\t\t\t<div class=\"elementor-element elementor-element-c7e272c elementor-widget elementor-widget-heading\" data-id=\"c7e272c\" data-element_type=\"widget\" data-e-type=\"widget\" data-widget_type=\"heading.default\">\n\t\t\t\t<div class=\"elementor-widget-container\">\n\t\t\t\t\t<h2 class=\"elementor-heading-title elementor-size-default\">Unser Archiv<\/h2>\t\t\t\t<\/div>\n\t\t\t\t<\/div>\n\t\t\t\t\t<\/div>\n\t\t<\/div>\n\t\t\t\t\t<\/div>\n\t\t<\/section>\n\t\t\t\t<section class=\"elementor-section elementor-top-section elementor-element elementor-element-e26afcf elementor-section-boxed elementor-section-height-default elementor-section-height-default\" data-id=\"e26afcf\" data-element_type=\"section\" data-e-type=\"section\">\n\t\t\t\t\t\t<div class=\"elementor-container elementor-column-gap-default\">\n\t\t\t\t\t<div class=\"elementor-column elementor-col-100 elementor-top-column elementor-element elementor-element-14315bf\" data-id=\"14315bf\" data-element_type=\"column\" data-e-type=\"column\">\n\t\t\t<div class=\"elementor-widget-wrap elementor-element-populated\">\n\t\t\t\t\t\t<div class=\"elementor-element elementor-element-085121d elementor-widget elementor-widget-text-editor\" data-id=\"085121d\" data-element_type=\"widget\" data-e-type=\"widget\" data-widget_type=\"text-editor.default\">\n\t\t\t\t<div class=\"elementor-widget-container\">\n\t\t\t\t\t\t\t\t\t<p><span style=\"color: #54595f;\">Thematisch gliedert sich der Bestand des Archivs in die Abteilungen Frieden, Umwelt und Gewaltfreiheit.<\/span><\/p><p><span style=\"color: #54595f;\">Es umfasst Sammlungen von zahlreichen Personen und Organisationen sowie einzelner Projekte und Kampagnen.\u00a0<\/span><span style=\"color: #54595f; font-family: var( --e-global-typography-text-font-family ), Sans-serif; font-weight: var( --e-global-typography-text-font-weight ); background-color: var( --e-global-color-astglobalcolor5 ); font-size: 1rem;\">Zu den Materialien geh\u00f6ren klassisches Archivgut wie Protokolle, Akten, Arbeitsunterlagen, Korrespondenzen, Graue Literatur wie z.B. Zeitungen, Zeitschriften, Flyer.<\/span><span style=\"color: #54595f;\"><br \/><\/span><\/p><p><span style=\"color: #54595f;\">Die Bibliothek des Archiv umfasst \u00fcber 150 Zeitschriften und eine Umfangreiche Sammlung von B\u00fcchern, Brosch\u00fcren und Kataloge.\u00a0<\/span><\/p><p><span style=\"color: #54595f;\">Au\u00dferdem verf\u00fcgen wir \u00fcber eine Sammlung an Transparenten, Demoschildern, Fotos, Dias und CDs.\u00a0<\/span><\/p>\t\t\t\t\t\t\t\t<\/div>\n\t\t\t\t<\/div>\n\t\t\t\t\t<\/div>\n\t\t<\/div>\n\t\t\t\t\t<\/div>\n\t\t<\/section>\n\t\t\t\t<section class=\"elementor-section elementor-top-section elementor-element elementor-element-e3f78fe elementor-section-boxed elementor-section-height-default elementor-section-height-default\" data-id=\"e3f78fe\" data-element_type=\"section\" data-e-type=\"section\">\n\t\t\t\t\t\t<div class=\"elementor-container elementor-column-gap-default\">\n\t\t\t\t\t<div class=\"elementor-column elementor-col-100 elementor-top-column elementor-element elementor-element-28461f3\" data-id=\"28461f3\" data-element_type=\"column\" data-e-type=\"column\">\n\t\t\t<div class=\"elementor-widget-wrap elementor-element-populated\">\n\t\t\t\t\t\t<div class=\"elementor-element elementor-element-d8c5d2f elementor-widget elementor-widget-heading\" data-id=\"d8c5d2f\" data-element_type=\"widget\" data-e-type=\"widget\" data-widget_type=\"heading.default\">\n\t\t\t\t<div class=\"elementor-widget-container\">\n\t\t\t\t\t<h2 class=\"elementor-heading-title elementor-size-default\"><a href=\"https:\/\/www.archiv-aktiv.de\/wp\/hinweisegebenundnutzen\/\">Hinweise f\u00fcr Nutzer*innen<\/a><\/h2>\t\t\t\t<\/div>\n\t\t\t\t<\/div>\n\t\t\t\t\t<\/div>\n\t\t<\/div>\n\t\t\t\t\t<\/div>\n\t\t<\/section>\n\t\t\t\t<section class=\"elementor-section elementor-top-section elementor-element elementor-element-8d72cc9 elementor-section-boxed elementor-section-height-default elementor-section-height-default\" data-id=\"8d72cc9\" data-element_type=\"section\" data-e-type=\"section\">\n\t\t\t\t\t\t<div class=\"elementor-container elementor-column-gap-default\">\n\t\t\t\t\t<div class=\"elementor-column elementor-col-100 elementor-top-column elementor-element elementor-element-6da50e3\" data-id=\"6da50e3\" data-element_type=\"column\" data-e-type=\"column\">\n\t\t\t<div class=\"elementor-widget-wrap elementor-element-populated\">\n\t\t\t\t\t\t<div class=\"elementor-element elementor-element-d0e7e73 elementor-widget elementor-widget-text-editor\" data-id=\"d0e7e73\" data-element_type=\"widget\" data-e-type=\"widget\" data-widget_type=\"text-editor.default\">\n\t\t\t\t<div class=\"elementor-widget-container\">\n\t\t\t\t\t\t\t\t\t<p>Die Archivierung der Dokumente ist das Eine. Das Andere ist die Nutzung, die Recherche im Archiv. Wir freuen uns \u00fcber Alle, die das Archiv zur Recherche nutzen, sei es f\u00fcr eine Forschungsarbeit, eine Hausarbeit in der Schule oder aus Interesse am Thema.<br \/><a href=\"https:\/\/www.archiv-aktiv.de\/wp\/hinweisegebenundnutzen\/\">Unsere Hinweise f\u00fcr Nutzer*innen gegen Ihnen wie zu einem Termin kommen und was Sie bei uns erwartet.\u00a0<\/a><\/p>\t\t\t\t\t\t\t\t<\/div>\n\t\t\t\t<\/div>\n\t\t\t\t\t<\/div>\n\t\t<\/div>\n\t\t\t\t\t<\/div>\n\t\t<\/section>\n\t\t\t\t<section class=\"elementor-section elementor-top-section elementor-element elementor-element-f3e697d elementor-section-boxed elementor-section-height-default elementor-section-height-default\" data-id=\"f3e697d\" data-element_type=\"section\" data-e-type=\"section\">\n\t\t\t\t\t\t<div class=\"elementor-container elementor-column-gap-default\">\n\t\t\t\t\t<div class=\"elementor-column elementor-col-100 elementor-top-column elementor-element elementor-element-3a19710\" data-id=\"3a19710\" data-element_type=\"column\" data-e-type=\"column\">\n\t\t\t<div class=\"elementor-widget-wrap elementor-element-populated\">\n\t\t\t\t\t\t<div class=\"elementor-element elementor-element-85bcfa9 elementor-widget elementor-widget-heading\" data-id=\"85bcfa9\" data-element_type=\"widget\" data-e-type=\"widget\" data-widget_type=\"heading.default\">\n\t\t\t\t<div class=\"elementor-widget-container\">\n\t\t\t\t\t<h2 class=\"elementor-heading-title elementor-size-default\"><a href=\"https:\/\/www.archiv-aktiv.de\/wp\/hinweisegebenundnutzen\/\">Hinweise f\u00fcr Geber*innen<\/a><\/h2>\t\t\t\t<\/div>\n\t\t\t\t<\/div>\n\t\t\t\t\t<\/div>\n\t\t<\/div>\n\t\t\t\t\t<\/div>\n\t\t<\/section>\n\t\t\t\t<section class=\"elementor-section elementor-top-section elementor-element elementor-element-66e70cc elementor-section-boxed elementor-section-height-default elementor-section-height-default\" data-id=\"66e70cc\" data-element_type=\"section\" data-e-type=\"section\">\n\t\t\t\t\t\t<div class=\"elementor-container elementor-column-gap-default\">\n\t\t\t\t\t<div class=\"elementor-column elementor-col-100 elementor-top-column elementor-element elementor-element-551d447\" data-id=\"551d447\" data-element_type=\"column\" data-e-type=\"column\">\n\t\t\t<div class=\"elementor-widget-wrap elementor-element-populated\">\n\t\t\t\t\t\t<div class=\"elementor-element elementor-element-adb63b3 elementor-widget elementor-widget-text-editor\" data-id=\"adb63b3\" data-element_type=\"widget\" data-e-type=\"widget\" data-widget_type=\"text-editor.default\">\n\t\t\t\t<div class=\"elementor-widget-container\">\n\t\t\t\t\t\t\t\t\t<p>Regelm\u00e4\u00dfig hei\u00dft es: \u201eMein Kram interessiert doch niemanden\u201c. In der gewaltfreien Bewegung kommt es auf jede und jeden Einzelnen an. Genauso kommt es auch auf einzelne Gruppen, Organisationen oder Kampagnen an. Das \u00fcberlieferte Material legt Zeugnis davon ab, warum und in welcher Weise Menschen gehandelt haben.\u00a0<\/p><p><a href=\"https:\/\/www.archiv-aktiv.de\/wp\/hinweisegebenundnutzen\/\">Hier geben wir Hinweise, wie das Material zu uns ins Archiv kommt.<\/a><\/p>\t\t\t\t\t\t\t\t<\/div>\n\t\t\t\t<\/div>\n\t\t\t\t\t<\/div>\n\t\t<\/div>\n\t\t\t\t\t<\/div>\n\t\t<\/section>\n\t\t\t\t<section class=\"elementor-section elementor-top-section elementor-element elementor-element-c9d8780 elementor-section-boxed elementor-section-height-default elementor-section-height-default\" data-id=\"c9d8780\" data-element_type=\"section\" data-e-type=\"section\">\n\t\t\t\t\t\t<div class=\"elementor-container elementor-column-gap-default\">\n\t\t\t\t\t<div class=\"elementor-column elementor-col-100 elementor-top-column elementor-element elementor-element-7302f2b\" data-id=\"7302f2b\" data-element_type=\"column\" data-e-type=\"column\">\n\t\t\t<div class=\"elementor-widget-wrap elementor-element-populated\">\n\t\t\t\t\t\t<div class=\"elementor-element elementor-element-d1cb02d elementor-widget elementor-widget-heading\" data-id=\"d1cb02d\" data-element_type=\"widget\" data-e-type=\"widget\" data-widget_type=\"heading.default\">\n\t\t\t\t<div class=\"elementor-widget-container\">\n\t\t\t\t\t<h2 class=\"elementor-heading-title elementor-size-default\">Unsere Sammelgebiete<\/h2>\t\t\t\t<\/div>\n\t\t\t\t<\/div>\n\t\t\t\t\t<\/div>\n\t\t<\/div>\n\t\t\t\t\t<\/div>\n\t\t<\/section>\n\t\t\t\t<section class=\"elementor-section elementor-top-section elementor-element elementor-element-cc30522 elementor-section-boxed elementor-section-height-default elementor-section-height-default\" data-id=\"cc30522\" data-element_type=\"section\" data-e-type=\"section\">\n\t\t\t\t\t\t<div class=\"elementor-container elementor-column-gap-default\">\n\t\t\t\t\t<div class=\"elementor-column elementor-col-100 elementor-top-column elementor-element elementor-element-9345efb\" data-id=\"9345efb\" data-element_type=\"column\" data-e-type=\"column\">\n\t\t\t<div class=\"elementor-widget-wrap elementor-element-populated\">\n\t\t\t\t\t\t<div class=\"elementor-element elementor-element-01b6a63 elementor-widget elementor-widget-text-editor\" data-id=\"01b6a63\" data-element_type=\"widget\" data-e-type=\"widget\" data-widget_type=\"text-editor.default\">\n\t\t\t\t<div class=\"elementor-widget-container\">\n\t\t\t\t\t\t\t\t\t<p><span style=\"font-style: inherit; font-weight: inherit; color: var( --e-global-color-secondary ); font-family: var( --e-global-typography-text-font-family ), Sans-serif; background-color: var( --e-global-color-astglobalcolor5 );\">Das <\/span><strong style=\"font-style: inherit; color: var( --e-global-color-secondary ); font-family: var( --e-global-typography-text-font-family ), Sans-serif; background-color: var( --e-global-color-astglobalcolor5 );\">Sammelgebiet Frieden<\/strong><span style=\"font-style: inherit; font-weight: inherit; color: var( --e-global-color-secondary ); font-family: var( --e-global-typography-text-font-family ), Sans-serif; background-color: var( --e-global-color-astglobalcolor5 );\"> umfasst den Nachlass der IDK Berlin, Material der WRI, der DFG-VK und des BSV, Dokumente zum Ostermarsch in den 60er und 70er Jahren, zu KDV, Zivildienst und Totalverweigerung, Christliche Friedensgruppen, Frauen und Frieden, Aktionen gegen Man\u00f6ver, Truppen\u00fcbungspl\u00e4tzen, R\u00fcstungsexporte und gegen den Kriegen am Golf und in Ex-Yugoslawien. Weitere Orte sind B\u00fcchel, Faslane, Rheinmetall in Unterl\u00fc\u00df und dem G\u00dcZ.<\/span><\/p><p><span style=\"font-style: inherit; font-weight: inherit; color: var( --e-global-color-secondary ); font-family: var( --e-global-typography-text-font-family ), Sans-serif; background-color: var( --e-global-color-astglobalcolor5 );\">Der gr\u00f6\u00dfte Einzelbestand in diesem Sammelgebiet ist das Gemeinsame Mutlangen-Archiv mit ca. 26 Regalmetern.<\/span><\/p><p>Im <strong>Sammelgebiet Umwelt<\/strong> finden sich Materialien zum Alternativen Umweltfestival 1978, der Jugendumweltbewegung und des \u201eAuftakt\u201c-Festivals in Magdeburg. Den Hauptteil dieses Sammelgebietes macht die Auseinandersetzung um Atomenergie aus. Dabei sind viele Materialien zu AKW allgemein, zu einzelnen Standorten und den Widerst\u00e4nden vor Ort, dem Stromzahlungsboykott (mit Schwerpunkt Hamburg), Endlagerung und nat\u00fcrlich Gorleben, hier insbesondere der Bestand zu X-Tausendmal quer. Auch zu Landwirtschaft und Gentechnik, sowie andere Umweltkonflikte sind im Sammelgebiet Umwelt enthalten.<\/p><p>Unter <strong>Gewaltfreiheit<\/strong> findet sich Material zu Themen, f\u00fcr die sich aufgrund des Umfangs (noch) keine eigene Abteilung lohnt. Ferner sind hier Organisationen und Gruppen zu finden, die zu mehreren Themen arbeiten oder gearbeitet haben oder solche, die Querschnittsaufgaben (Training in Gewaltfreie Aktion (GA), Rechtshilfe, Logistik etc.) wahrnehmen.<br \/>Daneben gibt es einen Zeitschriftenbestand mit \u00fcber 150 Zeitschriften.<br \/>Der Dokumentenbestand umfasst ungef\u00e4hr derzeit ca. 180 Regalmeter.<br \/>Neben Unterlagen aus Papier sammeln wir auch Fotos, Plakate, Transparente und Objekte. Hier\u00fcber gibt es noch keine schriftliche Zusammenstellung.<\/p>\t\t\t\t\t\t\t\t<\/div>\n\t\t\t\t<\/div>\n\t\t\t\t\t<\/div>\n\t\t<\/div>\n\t\t\t\t\t<\/div>\n\t\t<\/section>\n\t\t\t\t<section class=\"elementor-section elementor-top-section elementor-element elementor-element-bae82c7 elementor-section-boxed elementor-section-height-default elementor-section-height-default\" data-id=\"bae82c7\" data-element_type=\"section\" data-e-type=\"section\">\n\t\t\t\t\t\t<div class=\"elementor-container elementor-column-gap-default\">\n\t\t\t\t\t<div class=\"elementor-column elementor-col-50 elementor-top-column elementor-element elementor-element-50c1eff\" data-id=\"50c1eff\" data-element_type=\"column\" data-e-type=\"column\">\n\t\t\t<div class=\"elementor-widget-wrap elementor-element-populated\">\n\t\t\t\t\t\t<div class=\"elementor-element elementor-element-d2df92d elementor-widget elementor-widget-heading\" data-id=\"d2df92d\" data-element_type=\"widget\" data-e-type=\"widget\" data-widget_type=\"heading.default\">\n\t\t\t\t<div class=\"elementor-widget-container\">\n\t\t\t\t\t<h2 class=\"elementor-heading-title elementor-size-default\"><a href=\"https:\/\/www.archiv-aktiv.de\/wp\/bestand\/\">Unsere Best\u00e4nde<\/a><\/h2>\t\t\t\t<\/div>\n\t\t\t\t<\/div>\n\t\t\t\t\t<\/div>\n\t\t<\/div>\n\t\t\t\t<div class=\"elementor-column elementor-col-50 elementor-top-column elementor-element elementor-element-636c751\" data-id=\"636c751\" data-element_type=\"column\" data-e-type=\"column\">\n\t\t\t<div class=\"elementor-widget-wrap elementor-element-populated\">\n\t\t\t\t\t\t<div class=\"elementor-element elementor-element-6d14970 elementor-widget elementor-widget-heading\" data-id=\"6d14970\" data-element_type=\"widget\" data-e-type=\"widget\" data-widget_type=\"heading.default\">\n\t\t\t\t<div class=\"elementor-widget-container\">\n\t\t\t\t\t<h2 class=\"elementor-heading-title elementor-size-default\"><a href=\"https:\/\/www.archiv-aktiv.de\/wp\/bib\/\">Unsere Bibliothek<\/a><\/h2>\t\t\t\t<\/div>\n\t\t\t\t<\/div>\n\t\t\t\t\t<\/div>\n\t\t<\/div>\n\t\t\t\t\t<\/div>\n\t\t<\/section>\n\t\t\t\t<section class=\"elementor-section elementor-top-section elementor-element elementor-element-56c6ff4 elementor-section-boxed elementor-section-height-default elementor-section-height-default\" data-id=\"56c6ff4\" data-element_type=\"section\" data-e-type=\"section\">\n\t\t\t\t\t\t<div class=\"elementor-container elementor-column-gap-default\">\n\t\t\t\t\t<div class=\"elementor-column elementor-col-50 elementor-top-column elementor-element elementor-element-4ac9a6e\" data-id=\"4ac9a6e\" data-element_type=\"column\" data-e-type=\"column\">\n\t\t\t<div class=\"elementor-widget-wrap elementor-element-populated\">\n\t\t\t\t\t\t<div class=\"elementor-element elementor-element-dac4406 elementor-widget elementor-widget-text-editor\" data-id=\"dac4406\" data-element_type=\"widget\" data-e-type=\"widget\" data-widget_type=\"text-editor.default\">\n\t\t\t\t<div class=\"elementor-widget-container\">\n\t\t\t\t\t\t\t\t\t<p>Die \u00dcbersicht \u00fcber die Personen-, Organisations- und weiterer Best\u00e4nde finden sie <a href=\"https:\/\/www.archiv-aktiv.de\/wp\/bestand\/\">hier<\/a>.\u00a0<\/p>\t\t\t\t\t\t\t\t<\/div>\n\t\t\t\t<\/div>\n\t\t\t\t\t<\/div>\n\t\t<\/div>\n\t\t\t\t<div class=\"elementor-column elementor-col-50 elementor-top-column elementor-element elementor-element-33c1565\" data-id=\"33c1565\" data-element_type=\"column\" data-e-type=\"column\">\n\t\t\t<div class=\"elementor-widget-wrap elementor-element-populated\">\n\t\t\t\t\t\t<div class=\"elementor-element elementor-element-adef3ce elementor-widget elementor-widget-text-editor\" data-id=\"adef3ce\" data-element_type=\"widget\" data-e-type=\"widget\" data-widget_type=\"text-editor.default\">\n\t\t\t\t<div class=\"elementor-widget-container\">\n\t\t\t\t\t\t\t\t\t<p>Die \u00dcbersicht \u00fcber unsere Bibliothek mit Zeitschriften, B\u00fcchern, Katalogen und Brosch\u00fcren finden sie hier.\u00a0<\/p>\t\t\t\t\t\t\t\t<\/div>\n\t\t\t\t<\/div>\n\t\t\t\t\t<\/div>\n\t\t<\/div>\n\t\t\t\t\t<\/div>\n\t\t<\/section>\n\t\t\t\t<section class=\"elementor-section elementor-top-section elementor-element elementor-element-349c1c4 elementor-section-boxed elementor-section-height-default elementor-section-height-default\" data-id=\"349c1c4\" data-element_type=\"section\" data-e-type=\"section\">\n\t\t\t\t\t\t<div class=\"elementor-container elementor-column-gap-default\">\n\t\t\t\t\t<div class=\"elementor-column elementor-col-100 elementor-top-column elementor-element elementor-element-31ca6d1\" data-id=\"31ca6d1\" data-element_type=\"column\" data-e-type=\"column\">\n\t\t\t<div class=\"elementor-widget-wrap elementor-element-populated\">\n\t\t\t\t\t\t<div class=\"elementor-element elementor-element-30befd8 elementor-widget elementor-widget-spacer\" data-id=\"30befd8\" data-element_type=\"widget\" data-e-type=\"widget\" data-widget_type=\"spacer.default\">\n\t\t\t\t<div class=\"elementor-widget-container\">\n\t\t\t\t\t\t\t<div class=\"elementor-spacer\">\n\t\t\t<div class=\"elementor-spacer-inner\"><\/div>\n\t\t<\/div>\n\t\t\t\t\t\t<\/div>\n\t\t\t\t<\/div>\n\t\t\t\t\t<\/div>\n\t\t<\/div>\n\t\t\t\t\t<\/div>\n\t\t<\/section>\n\t\t\t\t<\/div>\n\t\t","protected":false},"excerpt":{"rendered":"<p>Unser Archiv Thematisch gliedert sich der Bestand des Archivs in die Abteilungen Frieden, Umwelt und Gewaltfreiheit. Es umfasst Sammlungen von zahlreichen Personen und Organisationen sowie einzelner Projekte und Kampagnen.\u00a0Zu den Materialien geh\u00f6ren klassisches Archivgut wie Protokolle, Akten, Arbeitsunterlagen, Korrespondenzen, Graue Literatur wie z.B. Zeitungen, Zeitschriften, Flyer. Die Bibliothek des Archiv umfasst \u00fcber 150 Zeitschriften und [&hellip;]<\/p>\n","protected":false},"author":2,"featured_media":0,"parent":0,"menu_order":0,"comment_status":"closed","ping_status":"closed","template":"","meta":{"_uag_custom_page_level_css":"","site-sidebar-layout":"no-sidebar","site-content-layout":"page-builder","ast-site-content-layout":"default","site-content-style":"default","site-sidebar-style":"default","ast-global-header-display":"","ast-banner-title-visibility":"","ast-main-header-display":"","ast-hfb-above-header-display":"","ast-hfb-below-header-display":"","ast-hfb-mobile-header-display":"","site-post-title":"disabled","ast-breadcrumbs-content":"","ast-featured-img":"disabled","footer-sml-layout":"","ast-disable-related-posts":"","theme-transparent-header-meta":"","adv-header-id-meta":"","stick-header-meta":"","header-above-stick-meta":"","header-main-stick-meta":"","header-below-stick-meta":"","astra-migrate-meta-layouts":"default","ast-page-background-enabled":"default","ast-page-background-meta":{"desktop":{"background-color":"var(--ast-global-color-4)","background-image":"","background-repeat":"repeat","background-position":"center center","background-size":"auto","background-attachment":"scroll","background-type":"","background-media":"","overlay-type":"","overlay-color":"","overlay-opacity":"","overlay-gradient":""},"tablet":{"background-color":"","background-image":"","background-repeat":"repeat","background-position":"center center","background-size":"auto","background-attachment":"scroll","background-type":"","background-media":"","overlay-type":"","overlay-color":"","overlay-opacity":"","overlay-gradient":""},"mobile":{"background-color":"","background-image":"","background-repeat":"repeat","background-position":"center center","background-size":"auto","background-attachment":"scroll","background-type":"","background-media":"","overlay-type":"","overlay-color":"","overlay-opacity":"","overlay-gradient":""}},"ast-content-background-meta":{"desktop":{"background-color":"var(--ast-global-color-5)","background-image":"","background-repeat":"repeat","background-position":"center center","background-size":"auto","background-attachment":"scroll","background-type":"","background-media":"","overlay-type":"","overlay-color":"","overlay-opacity":"","overlay-gradient":""},"tablet":{"background-color":"var(--ast-global-color-5)","background-image":"","background-repeat":"repeat","background-position":"center center","background-size":"auto","background-attachment":"scroll","background-type":"","background-media":"","overlay-type":"","overlay-color":"","overlay-opacity":"","overlay-gradient":""},"mobile":{"background-color":"var(--ast-global-color-5)","background-image":"","background-repeat":"repeat","background-position":"center center","background-size":"auto","background-attachment":"scroll","background-type":"","background-media":"","overlay-type":"","overlay-color":"","overlay-opacity":"","overlay-gradient":""}},"footnotes":""},"class_list":["post-11","page","type-page","status-publish","hentry"],"uagb_featured_image_src":{"full":false,"thumbnail":false,"medium":false,"medium_large":false,"large":false,"1536x1536":false,"2048x2048":false,"travelersmap-thumb":false},"uagb_author_info":{"display_name":"CB","author_link":"https:\/\/www.archiv-aktiv.de\/wp\/author\/christian\/"},"uagb_comment_info":0,"uagb_excerpt":"Unser Archiv Thematisch gliedert sich der Bestand des Archivs in die Abteilungen Frieden, Umwelt und Gewaltfreiheit. Es umfasst Sammlungen von zahlreichen Personen und Organisationen sowie einzelner Projekte und Kampagnen.\u00a0Zu den Materialien geh\u00f6ren klassisches Archivgut wie Protokolle, Akten, Arbeitsunterlagen, Korrespondenzen, Graue Literatur wie z.B. Zeitungen, Zeitschriften, Flyer. Die Bibliothek des Archiv umfasst \u00fcber 150 Zeitschriften und&hellip;","_links":{"self":[{"href":"https:\/\/www.archiv-aktiv.de\/wp\/wp-json\/wp\/v2\/pages\/11","targetHints":{"allow":["GET"]}}],"collection":[{"href":"https:\/\/www.archiv-aktiv.de\/wp\/wp-json\/wp\/v2\/pages"}],"about":[{"href":"https:\/\/www.archiv-aktiv.de\/wp\/wp-json\/wp\/v2\/types\/page"}],"author":[{"embeddable":true,"href":"https:\/\/www.archiv-aktiv.de\/wp\/wp-json\/wp\/v2\/users\/2"}],"replies":[{"embeddable":true,"href":"https:\/\/www.archiv-aktiv.de\/wp\/wp-json\/wp\/v2\/comments?post=11"}],"version-history":[{"count":77,"href":"https:\/\/www.archiv-aktiv.de\/wp\/wp-json\/wp\/v2\/pages\/11\/revisions"}],"predecessor-version":[{"id":2436,"href":"https:\/\/www.archiv-aktiv.de\/wp\/wp-json\/wp\/v2\/pages\/11\/revisions\/2436"}],"wp:attachment":[{"href":"https:\/\/www.archiv-aktiv.de\/wp\/wp-json\/wp\/v2\/media?parent=11"}],"curies":[{"name":"wp","href":"https:\/\/api.w.org\/{rel}","templated":true}]}}