{"id":1130,"date":"2022-02-17T16:18:16","date_gmt":"2022-02-17T16:18:16","guid":{"rendered":"https:\/\/www.archiv-aktiv.de\/wp\/?page_id=1130"},"modified":"2025-08-20T11:34:56","modified_gmt":"2025-08-20T11:34:56","slug":"bestand","status":"publish","type":"page","link":"https:\/\/www.archiv-aktiv.de\/wp\/bestand\/","title":{"rendered":"Bestand"},"content":{"rendered":"\t\t<div data-elementor-type=\"wp-page\" data-elementor-id=\"1130\" class=\"elementor elementor-1130\">\n\t\t\t\t\t\t<section class=\"elementor-section elementor-top-section elementor-element elementor-element-72c0ed3 elementor-section-boxed elementor-section-height-default elementor-section-height-default\" data-id=\"72c0ed3\" data-element_type=\"section\" data-e-type=\"section\">\n\t\t\t\t\t\t<div class=\"elementor-container elementor-column-gap-default\">\n\t\t\t\t\t<div class=\"elementor-column elementor-col-100 elementor-top-column elementor-element elementor-element-4da4e81\" data-id=\"4da4e81\" data-element_type=\"column\" data-e-type=\"column\">\n\t\t\t<div class=\"elementor-widget-wrap elementor-element-populated\">\n\t\t\t\t\t\t<div class=\"elementor-element elementor-element-e70131b elementor-widget elementor-widget-heading\" data-id=\"e70131b\" data-element_type=\"widget\" data-e-type=\"widget\" data-widget_type=\"heading.default\">\n\t\t\t\t<div class=\"elementor-widget-container\">\n\t\t\t\t\t<h2 class=\"elementor-heading-title elementor-size-default\"><a href=\"https:\/\/www.archiv-aktiv.de\/wp\/bestandsuebersicht\/\">Unsere Best\u00e4nde<\/a><\/h2>\t\t\t\t<\/div>\n\t\t\t\t<\/div>\n\t\t\t\t\t<\/div>\n\t\t<\/div>\n\t\t\t\t\t<\/div>\n\t\t<\/section>\n\t\t\t\t<section class=\"elementor-section elementor-top-section elementor-element elementor-element-dd02b22 elementor-section-boxed elementor-section-height-default elementor-section-height-default\" data-id=\"dd02b22\" data-element_type=\"section\" data-e-type=\"section\">\n\t\t\t\t\t\t<div class=\"elementor-container elementor-column-gap-default\">\n\t\t\t\t\t<div class=\"elementor-column elementor-col-100 elementor-top-column elementor-element elementor-element-efb01e0\" data-id=\"efb01e0\" data-element_type=\"column\" data-e-type=\"column\">\n\t\t\t<div class=\"elementor-widget-wrap elementor-element-populated\">\n\t\t\t\t\t\t<div class=\"elementor-element elementor-element-795ea92 elementor-widget elementor-widget-text-editor\" data-id=\"795ea92\" data-element_type=\"widget\" data-e-type=\"widget\" data-widget_type=\"text-editor.default\">\n\t\t\t\t<div class=\"elementor-widget-container\">\n\t\t\t\t\t\t\t\t\t<p>Das\u00a0<strong>Sammelgebiet Frieden<\/strong>\u00a0umfasst den Nachlass der Internationale der Kriegsdienstgegner*innen (IDK), Material der WRI, der DFG-VK und des BSV, Dokumente zum Ostermarsch in den 60er und 70er Jahren, zu KDV, Zivildienst und Totalverweigerung, Christliche Friedensgruppen, Frauen und Frieden, Aktionen gegen Man\u00f6ver, Truppen\u00fcbungspl\u00e4tzen, R\u00fcstungsexporte und gegen den Kriegen am Golf und in Ex-Yugoslawien. Weitere Orte sind B\u00fcchel, Faslane, Rheinmetall in Unterl\u00fc\u00df und dem G\u00dcZ.<\/p><p>Der gr\u00f6\u00dfte Einzelbestand in diesem Sammelgebiet ist das Gemeinsame Mutlangen-Archiv mit ca. 26 Regalmetern.<\/p><p>Im\u00a0<strong>Sammelgebiet Umwelt<\/strong>\u00a0finden sich Materialien zum Alternativen Umweltfestival 1978, der Jugendumweltbewegung und des \u201eAuftakt\u201c-Festivals in Magdeburg. Den Hauptteil dieses Sammelgebietes macht die Auseinandersetzung um Atomenergie aus. Dabei sind viele Materialien zu AKW allgemein, zu einzelnen Standorten und den Widerst\u00e4nden vor Ort, dem Stromzahlungsboykott (mit Schwerpunkt Hamburg), Endlagerung und nat\u00fcrlich Gorleben, hier insbesondere der Bestand zu X-Tausendmal quer. Auch zu Landwirtschaft und Gentechnik, sowie andere Umweltkonflikte sind im Sammelgebiet Umwelt enthalten.<br \/>Unter\u00a0<strong>Gewaltfreiheit<\/strong>\u00a0findet sich Material zu Themen f\u00fcr die sich aufgrund des Umfangs (noch) keine eigene Abteilung lohnt. Ferner sind hier Organisationen und Gruppen zu finden, die zu mehreren Themen arbeiten oder gearbeitet haben oder solche, die Querschnittsaufgaben (Training in GA, Rechtshilfe, Logistik etc.) wahrnehmen.<br \/>Daneben gibt es einen Zeitschriftenbestand mit \u00fcber 150 Zeitschriften.<br \/>Der Dokumentenbestand umfasst ungef\u00e4hr derzeit ca. 180 Regalmeter.<br \/>Neben Unterlagen aus Papier sammeln wir auch Fotos, Plakate, Transparente und Objekte. Hier\u00fcber gibt es noch keine schriftliche Zusammenstellung.<\/p>\t\t\t\t\t\t\t\t<\/div>\n\t\t\t\t<\/div>\n\t\t\t\t\t<\/div>\n\t\t<\/div>\n\t\t\t\t\t<\/div>\n\t\t<\/section>\n\t\t\t\t<section class=\"elementor-section elementor-top-section elementor-element elementor-element-300827d0 elementor-section-boxed elementor-section-height-default elementor-section-height-default\" data-id=\"300827d0\" data-element_type=\"section\" data-e-type=\"section\">\n\t\t\t\t\t\t<div class=\"elementor-container elementor-column-gap-default\">\n\t\t\t\t\t<div class=\"elementor-column elementor-col-100 elementor-top-column elementor-element elementor-element-3f940a28\" data-id=\"3f940a28\" data-element_type=\"column\" data-e-type=\"column\">\n\t\t\t<div class=\"elementor-widget-wrap elementor-element-populated\">\n\t\t\t\t\t\t<div class=\"elementor-element elementor-element-5ff699ab elementor-widget elementor-widget-heading\" data-id=\"5ff699ab\" data-element_type=\"widget\" data-e-type=\"widget\" data-widget_type=\"heading.default\">\n\t\t\t\t<div class=\"elementor-widget-container\">\n\t\t\t\t\t<h2 class=\"elementor-heading-title elementor-size-default\"><a href=\"https:\/\/www.archiv-aktiv.de\/wp\/bestandsuebersicht\/\">Die Bestands\u00fcbersicht<\/a><\/h2>\t\t\t\t<\/div>\n\t\t\t\t<\/div>\n\t\t\t\t\t<\/div>\n\t\t<\/div>\n\t\t\t\t\t<\/div>\n\t\t<\/section>\n\t\t\t\t<section class=\"elementor-section elementor-top-section elementor-element elementor-element-41a2d03e elementor-section-boxed elementor-section-height-default elementor-section-height-default\" data-id=\"41a2d03e\" data-element_type=\"section\" data-e-type=\"section\">\n\t\t\t\t\t\t<div class=\"elementor-container elementor-column-gap-default\">\n\t\t\t\t\t<div class=\"elementor-column elementor-col-100 elementor-top-column elementor-element elementor-element-11e5a62a\" data-id=\"11e5a62a\" data-element_type=\"column\" data-e-type=\"column\">\n\t\t\t<div class=\"elementor-widget-wrap elementor-element-populated\">\n\t\t\t\t\t\t<div class=\"elementor-element elementor-element-74811f2c elementor-widget elementor-widget-text-editor\" data-id=\"74811f2c\" data-element_type=\"widget\" data-e-type=\"widget\" data-widget_type=\"text-editor.default\">\n\t\t\t\t<div class=\"elementor-widget-container\">\n\t\t\t\t\t\t\t\t\t<p><span style=\"color: #54595f;\">Die \u00dcbersicht \u00fcber unsere Best\u00e4nde den drei Sammelg<\/span><span style=\"color: #54595f; font-style: inherit; font-weight: inherit; font-family: var( --e-global-typography-text-font-family ), Sans-serif; background-color: var( --e-global-color-astglobalcolor5 );\">ebieten Frieden, Umwelt und Gewaltfreiheit und den Personenbest\u00e4nden finden sie <a href=\"https:\/\/www.archiv-aktiv.de\/wp\/bestandsuebersicht\/\">hier<\/a>.\u00a0<\/span><\/p>\t\t\t\t\t\t\t\t<\/div>\n\t\t\t\t<\/div>\n\t\t\t\t\t<\/div>\n\t\t<\/div>\n\t\t\t\t\t<\/div>\n\t\t<\/section>\n\t\t\t\t<section class=\"elementor-section elementor-top-section elementor-element elementor-element-5fb0badb elementor-section-boxed elementor-section-height-default elementor-section-height-default\" data-id=\"5fb0badb\" data-element_type=\"section\" data-e-type=\"section\">\n\t\t\t\t\t\t<div class=\"elementor-container elementor-column-gap-default\">\n\t\t\t\t\t<div class=\"elementor-column elementor-col-100 elementor-top-column elementor-element elementor-element-5f777358\" data-id=\"5f777358\" data-element_type=\"column\" data-e-type=\"column\">\n\t\t\t<div class=\"elementor-widget-wrap elementor-element-populated\">\n\t\t\t\t\t\t<div class=\"elementor-element elementor-element-60a0f855 elementor-widget elementor-widget-heading\" data-id=\"60a0f855\" data-element_type=\"widget\" data-e-type=\"widget\" data-widget_type=\"heading.default\">\n\t\t\t\t<div class=\"elementor-widget-container\">\n\t\t\t\t\t<h2 class=\"elementor-heading-title elementor-size-default\"><a href=\"https:\/\/www.archiv-aktiv.de\/wp\/bestandsbeschreibungen\/\">Die Bestandsbeschreibungen<\/a><\/h2>\t\t\t\t<\/div>\n\t\t\t\t<\/div>\n\t\t\t\t\t<\/div>\n\t\t<\/div>\n\t\t\t\t\t<\/div>\n\t\t<\/section>\n\t\t\t\t<section class=\"elementor-section elementor-top-section elementor-element elementor-element-3592b413 elementor-section-boxed elementor-section-height-default elementor-section-height-default\" data-id=\"3592b413\" data-element_type=\"section\" data-e-type=\"section\">\n\t\t\t\t\t\t<div class=\"elementor-container elementor-column-gap-default\">\n\t\t\t\t\t<div class=\"elementor-column elementor-col-100 elementor-top-column elementor-element elementor-element-2cf68726\" data-id=\"2cf68726\" data-element_type=\"column\" data-e-type=\"column\">\n\t\t\t<div class=\"elementor-widget-wrap elementor-element-populated\">\n\t\t\t\t\t\t<div class=\"elementor-element elementor-element-2bb62fea elementor-widget elementor-widget-text-editor\" data-id=\"2bb62fea\" data-element_type=\"widget\" data-e-type=\"widget\" data-widget_type=\"text-editor.default\">\n\t\t\t\t<div class=\"elementor-widget-container\">\n\t\t\t\t\t\t\t\t\t<p>Einige Bestandsbeschreibungen finden Sie <a href=\"https:\/\/www.archiv-aktiv.de\/wp\/bestandsbeschreibungen\/\">hier<\/a>.\u00a0<\/p>\t\t\t\t\t\t\t\t<\/div>\n\t\t\t\t<\/div>\n\t\t\t\t\t<\/div>\n\t\t<\/div>\n\t\t\t\t\t<\/div>\n\t\t<\/section>\n\t\t\t\t<section class=\"elementor-section elementor-top-section elementor-element elementor-element-38d9d900 elementor-section-boxed elementor-section-height-default elementor-section-height-default\" data-id=\"38d9d900\" data-element_type=\"section\" data-e-type=\"section\">\n\t\t\t\t\t\t<div class=\"elementor-container elementor-column-gap-default\">\n\t\t\t\t\t<div class=\"elementor-column elementor-col-100 elementor-top-column elementor-element elementor-element-cbca7dd\" data-id=\"cbca7dd\" data-element_type=\"column\" data-e-type=\"column\">\n\t\t\t<div class=\"elementor-widget-wrap elementor-element-populated\">\n\t\t\t\t\t\t<div class=\"elementor-element elementor-element-3ebf13d elementor-widget elementor-widget-heading\" data-id=\"3ebf13d\" data-element_type=\"widget\" data-e-type=\"widget\" data-widget_type=\"heading.default\">\n\t\t\t\t<div class=\"elementor-widget-container\">\n\t\t\t\t\t<h2 class=\"elementor-heading-title elementor-size-default\"><a href=\"https:\/\/www.archiv-aktiv.de\/wp\/bib\/\">Die Bibliothek <\/a><\/h2>\t\t\t\t<\/div>\n\t\t\t\t<\/div>\n\t\t\t\t\t<\/div>\n\t\t<\/div>\n\t\t\t\t\t<\/div>\n\t\t<\/section>\n\t\t\t\t<section class=\"elementor-section elementor-top-section elementor-element elementor-element-4d9250b8 elementor-section-boxed elementor-section-height-default elementor-section-height-default\" data-id=\"4d9250b8\" data-element_type=\"section\" data-e-type=\"section\">\n\t\t\t\t\t\t<div class=\"elementor-container elementor-column-gap-default\">\n\t\t\t\t\t<div class=\"elementor-column elementor-col-100 elementor-top-column elementor-element elementor-element-a4c0cc7\" data-id=\"a4c0cc7\" data-element_type=\"column\" data-e-type=\"column\">\n\t\t\t<div class=\"elementor-widget-wrap elementor-element-populated\">\n\t\t\t\t\t\t<div class=\"elementor-element elementor-element-6e1f659f elementor-widget elementor-widget-text-editor\" data-id=\"6e1f659f\" data-element_type=\"widget\" data-e-type=\"widget\" data-widget_type=\"text-editor.default\">\n\t\t\t\t<div class=\"elementor-widget-container\">\n\t\t\t\t\t\t\t\t\t<p>Eine \u00dcbersicht \u00fcber unsere 150 Zeitschriften\u00a0 und B\u00fccher finden sie <a href=\"https:\/\/www.archiv-aktiv.de\/wp\/bib\/\">hier<\/a><span style=\"font-style: inherit; font-weight: inherit; color: var( --e-global-color-text ); font-family: var( --e-global-typography-text-font-family ), Sans-serif; background-color: var( --e-global-color-astglobalcolor5 );\">.<\/span><\/p>\t\t\t\t\t\t\t\t<\/div>\n\t\t\t\t<\/div>\n\t\t\t\t\t<\/div>\n\t\t<\/div>\n\t\t\t\t\t<\/div>\n\t\t<\/section>\n\t\t\t\t<section class=\"elementor-section elementor-top-section elementor-element elementor-element-46c448c elementor-section-boxed elementor-section-height-default elementor-section-height-default\" data-id=\"46c448c\" data-element_type=\"section\" data-e-type=\"section\">\n\t\t\t\t\t\t<div class=\"elementor-container elementor-column-gap-default\">\n\t\t\t\t\t<div class=\"elementor-column elementor-col-100 elementor-top-column elementor-element elementor-element-b19c2cd\" data-id=\"b19c2cd\" data-element_type=\"column\" data-e-type=\"column\">\n\t\t\t<div class=\"elementor-widget-wrap elementor-element-populated\">\n\t\t\t\t\t\t<div class=\"elementor-element elementor-element-bf69da7 elementor-widget elementor-widget-spacer\" data-id=\"bf69da7\" data-element_type=\"widget\" data-e-type=\"widget\" data-widget_type=\"spacer.default\">\n\t\t\t\t<div class=\"elementor-widget-container\">\n\t\t\t\t\t\t\t<div class=\"elementor-spacer\">\n\t\t\t<div class=\"elementor-spacer-inner\"><\/div>\n\t\t<\/div>\n\t\t\t\t\t\t<\/div>\n\t\t\t\t<\/div>\n\t\t\t\t\t<\/div>\n\t\t<\/div>\n\t\t\t\t\t<\/div>\n\t\t<\/section>\n\t\t\t\t<\/div>\n\t\t","protected":false},"excerpt":{"rendered":"<p>Unsere Best\u00e4nde Das\u00a0Sammelgebiet Frieden\u00a0umfasst den Nachlass der Internationale der Kriegsdienstgegner*innen (IDK), Material der WRI, der DFG-VK und des BSV, Dokumente zum Ostermarsch in den 60er und 70er Jahren, zu KDV, Zivildienst und Totalverweigerung, Christliche Friedensgruppen, Frauen und Frieden, Aktionen gegen Man\u00f6ver, Truppen\u00fcbungspl\u00e4tzen, R\u00fcstungsexporte und gegen den Kriegen am Golf und in Ex-Yugoslawien. Weitere Orte sind [&hellip;]<\/p>\n","protected":false},"author":2,"featured_media":0,"parent":0,"menu_order":0,"comment_status":"closed","ping_status":"closed","template":"","meta":{"_uag_custom_page_level_css":"","site-sidebar-layout":"no-sidebar","site-content-layout":"page-builder","ast-site-content-layout":"default","site-content-style":"default","site-sidebar-style":"default","ast-global-header-display":"","ast-banner-title-visibility":"","ast-main-header-display":"","ast-hfb-above-header-display":"","ast-hfb-below-header-display":"","ast-hfb-mobile-header-display":"","site-post-title":"disabled","ast-breadcrumbs-content":"","ast-featured-img":"disabled","footer-sml-layout":"","ast-disable-related-posts":"","theme-transparent-header-meta":"","adv-header-id-meta":"","stick-header-meta":"","header-above-stick-meta":"","header-main-stick-meta":"","header-below-stick-meta":"","astra-migrate-meta-layouts":"default","ast-page-background-enabled":"default","ast-page-background-meta":{"desktop":{"background-color":"var(--ast-global-color-4)","background-image":"","background-repeat":"repeat","background-position":"center center","background-size":"auto","background-attachment":"scroll","background-type":"","background-media":"","overlay-type":"","overlay-color":"","overlay-opacity":"","overlay-gradient":""},"tablet":{"background-color":"","background-image":"","background-repeat":"repeat","background-position":"center center","background-size":"auto","background-attachment":"scroll","background-type":"","background-media":"","overlay-type":"","overlay-color":"","overlay-opacity":"","overlay-gradient":""},"mobile":{"background-color":"","background-image":"","background-repeat":"repeat","background-position":"center center","background-size":"auto","background-attachment":"scroll","background-type":"","background-media":"","overlay-type":"","overlay-color":"","overlay-opacity":"","overlay-gradient":""}},"ast-content-background-meta":{"desktop":{"background-color":"var(--ast-global-color-5)","background-image":"","background-repeat":"repeat","background-position":"center center","background-size":"auto","background-attachment":"scroll","background-type":"","background-media":"","overlay-type":"","overlay-color":"","overlay-opacity":"","overlay-gradient":""},"tablet":{"background-color":"var(--ast-global-color-5)","background-image":"","background-repeat":"repeat","background-position":"center center","background-size":"auto","background-attachment":"scroll","background-type":"","background-media":"","overlay-type":"","overlay-color":"","overlay-opacity":"","overlay-gradient":""},"mobile":{"background-color":"var(--ast-global-color-5)","background-image":"","background-repeat":"repeat","background-position":"center center","background-size":"auto","background-attachment":"scroll","background-type":"","background-media":"","overlay-type":"","overlay-color":"","overlay-opacity":"","overlay-gradient":""}},"footnotes":""},"class_list":["post-1130","page","type-page","status-publish","hentry"],"uagb_featured_image_src":{"full":false,"thumbnail":false,"medium":false,"medium_large":false,"large":false,"1536x1536":false,"2048x2048":false,"travelersmap-thumb":false},"uagb_author_info":{"display_name":"CB","author_link":"https:\/\/www.archiv-aktiv.de\/wp\/author\/christian\/"},"uagb_comment_info":0,"uagb_excerpt":"Unsere Best\u00e4nde Das\u00a0Sammelgebiet Frieden\u00a0umfasst den Nachlass der Internationale der Kriegsdienstgegner*innen (IDK), Material der WRI, der DFG-VK und des BSV, Dokumente zum Ostermarsch in den 60er und 70er Jahren, zu KDV, Zivildienst und Totalverweigerung, Christliche Friedensgruppen, Frauen und Frieden, Aktionen gegen Man\u00f6ver, Truppen\u00fcbungspl\u00e4tzen, R\u00fcstungsexporte und gegen den Kriegen am Golf und in Ex-Yugoslawien. Weitere Orte sind&hellip;","_links":{"self":[{"href":"https:\/\/www.archiv-aktiv.de\/wp\/wp-json\/wp\/v2\/pages\/1130","targetHints":{"allow":["GET"]}}],"collection":[{"href":"https:\/\/www.archiv-aktiv.de\/wp\/wp-json\/wp\/v2\/pages"}],"about":[{"href":"https:\/\/www.archiv-aktiv.de\/wp\/wp-json\/wp\/v2\/types\/page"}],"author":[{"embeddable":true,"href":"https:\/\/www.archiv-aktiv.de\/wp\/wp-json\/wp\/v2\/users\/2"}],"replies":[{"embeddable":true,"href":"https:\/\/www.archiv-aktiv.de\/wp\/wp-json\/wp\/v2\/comments?post=1130"}],"version-history":[{"count":37,"href":"https:\/\/www.archiv-aktiv.de\/wp\/wp-json\/wp\/v2\/pages\/1130\/revisions"}],"predecessor-version":[{"id":2439,"href":"https:\/\/www.archiv-aktiv.de\/wp\/wp-json\/wp\/v2\/pages\/1130\/revisions\/2439"}],"wp:attachment":[{"href":"https:\/\/www.archiv-aktiv.de\/wp\/wp-json\/wp\/v2\/media?parent=1130"}],"curies":[{"name":"wp","href":"https:\/\/api.w.org\/{rel}","templated":true}]}}